{"id":220,"date":"2024-01-13T10:48:54","date_gmt":"2024-01-13T08:48:54","guid":{"rendered":"https:\/\/23278408421.thesite.link\/ueber-uns\/"},"modified":"2024-03-12T12:14:26","modified_gmt":"2024-03-12T10:14:26","slug":"ueber-uns","status":"publish","type":"page","link":"https:\/\/thebestcars.gr\/de\/ueber-uns\/","title":{"rendered":"\u00dcber uns"},"content":{"rendered":"<div class=\"fusion-fullwidth fullwidth-box fusion-builder-row-1 fusion-flex-container has-pattern-background has-mask-background nonhundred-percent-fullwidth non-hundred-percent-height-scrolling\" style=\"--awb-border-radius-top-left:0px;--awb-border-radius-top-right:0px;--awb-border-radius-bottom-right:0px;--awb-border-radius-bottom-left:0px;--awb-padding-right:6%;--awb-padding-left:6%;--awb-margin-top:50px;--awb-flex-wrap:wrap;\" ><div class=\"fusion-builder-row fusion-row fusion-flex-align-items-flex-start fusion-flex-content-wrap\" style=\"max-width:104%;margin-left: calc(-4% \/ 2 );margin-right: calc(-4% \/ 2 );\"><div class=\"fusion-layout-column fusion_builder_column fusion-builder-column-0 fusion_builder_column_1_1 1_1 fusion-flex-column\" style=\"--awb-bg-size:cover;--awb-width-large:100%;--awb-margin-top-large:0px;--awb-spacing-right-large:1.92%;--awb-margin-bottom-large:20px;--awb-spacing-left-large:1.92%;--awb-width-medium:100%;--awb-order-medium:0;--awb-spacing-right-medium:1.92%;--awb-spacing-left-medium:1.92%;--awb-width-small:100%;--awb-order-small:0;--awb-spacing-right-small:1.92%;--awb-spacing-left-small:1.92%;\"><div class=\"fusion-column-wrapper fusion-column-has-shadow fusion-flex-justify-content-flex-start fusion-content-layout-column\"><div class=\"fusion-title title fusion-title-1 fusion-title-text fusion-title-size-three\" style=\"--awb-text-color:var(--awb-custom_color_1);--awb-sep-color:var(--awb-custom_color_1);\"><div class=\"title-sep-container title-sep-container-left fusion-no-large-visibility fusion-no-medium-visibility fusion-no-small-visibility\"><div class=\"title-sep sep-single sep-solid\" style=\"border-color:var(--awb-custom_color_1);\"><\/div><\/div><span class=\"awb-title-spacer fusion-no-large-visibility fusion-no-medium-visibility fusion-no-small-visibility\"><\/span><h3 class=\"fusion-title-heading title-heading-left\" style=\"margin:0;\">UNSER KONZEPT<\/h3><span class=\"awb-title-spacer\"><\/span><div class=\"title-sep-container title-sep-container-right\"><div class=\"title-sep sep-single sep-solid\" style=\"border-color:var(--awb-custom_color_1);\"><\/div><\/div><\/div><div class=\"fusion-text fusion-text-1\" style=\"--awb-font-size:20px;--awb-line-height:24px;--awb-text-font-family:-apple-system, BlinkMacSystemFont, &#039;Segoe UI&#039;, Roboto, Oxygen-Sans, Ubuntu, Cantarell, &#039;Helvetica Neue&#039; ,sans-serif;--awb-text-font-style:normal;--awb-text-font-weight:400;\"><p>Ein Auto zu mieten ist immer eine Vertrauenssache. Fast jeder hat schon mal schlechte Erfahrungen mit einer Mietwagenfirma gemacht.\u00a0Es wird, auf Grund der Konkurrenz, immer viel Versprochen und das Ergebnis ist oftmals entt\u00e4uschend.<\/p>\n<p>Jeden Tag am Flughafen spreche ich mit Menschen die in Spanien, Italien oder auch in Griechenland schon \u00fcber den Tisch gezogen wurden.\u00a0Ich m\u00f6chte ein paar Dinge aufz\u00e4hlen, die ich des \u00f6fteren erz\u00e4hlt bekomme oder auch selbst am Flughafen hier in Heraklion schon erlebt habe.<\/p>\n<p><strong>Kein Auto<\/strong><\/p>\n<p>Man kommt an und es ist leider kein Mitarbeiter da um einen in Empfang zu nehmen.<br \/>\nOft werden im Winter die Mietwagen f\u00fcr wenige Euro am Tag angeboten da man ja nie wei\u00df was die Saison bringen wird. Wenn dann aber alle Autos ausgebucht sind, werden diejenigen, die nichts anbezahlt haben und extrem g\u00fcnstig gebucht haben, einfach storniert. Dh. man muss sich entweder Last Minute um einen anderen Mietwagen k\u00fcmmern, was oft sehr teuer werden kann, oder man steht am Flughafen, keiner kommt und man muss selber sehen wie man von dort dann weg kommt.<\/p>\n<p><strong>Versicherungen<\/strong><\/p>\n<p>Auf Kreta ist es \u00fcblich den Mietwagen mit Vollkasko OHNE Selbstbeteiligung zu buchen. Kreditkarten oder Barkaution sollte nie hinterlegt werden!<br \/>\nBitte beachten Sie, dass die Vollkasko Versicherung nichts mit Unterboden, Glas, Spiegel, Reifen etc. zu tun hat. Wenn Sie f\u00fcr diese Dinge nicht seperat versichert sind, kann es bei der Wagenr\u00fcckgabe teuer werden!<\/p>\n<p>Wir bieten alle unsere Autos\u00a0inklusive Vollkaskoversicherung OHNE Selbstbeteiligung\u00a0an.<br \/>\nAuch\u00a0Unterboden, Reifen, Glas und Spiegel\u00a0sind mitversichert.<br \/>\nWir verlangen weder eine Kaution noch eine Kreditkarte, Sie k\u00f6nnen also Ihren Urlaub geniessen und m\u00fcssen sich keine Sorgen machen.<br \/>\nDas ganze nennt sich unser\u00a0The Best 100% Sorglos Paket!<\/p>\n<p>Diese Liste k\u00f6nnten wir sehr sehr lange weiterschreiben aber sie ist nicht relevant wenn Sie einen Wagen bei unserer Firma buchen.<br \/>\nWir sind ein Kundenorientiertes Unternehmen, das sich seit 1978 stetig weiterentwickelt und verbessert hat.<br \/>\nWir f\u00fchren regelm\u00e4ssig Kundenbefragungen durch um immer am neuesten Stand zu sein und unser Fuhrpark wird sorgf\u00e4ltig und genauestens \u00fcberpr\u00fcft.<br \/>\nF\u00fcr uns ist das Wichtigste, Ihre Zufriedenheit!<br \/>\nDa wir wissen wir wertvoll die wenigen Urlaubstage sind die man hat ist es wichtig, dass man sich auf den Mietwagen, das Hotel etc. verlassen kann.<br \/>\nWir sind 24 Stunden und 7 Tage die Woche in deutscher Sprache f\u00fcr Sie erreichbar und werden unser Bestes geben um Ihrem Urlaub eine Mobilit\u00e4tsgarantie zu gew\u00e4hren!<\/p>\n<p>Drive, enjoy, remember&#8230;!<\/p>\n<\/div><\/div><\/div><div class=\"fusion-layout-column fusion_builder_column fusion-builder-column-1 fusion_builder_column_1_1 1_1 fusion-flex-column\" style=\"--awb-bg-size:cover;--awb-width-large:100%;--awb-margin-top-large:0px;--awb-spacing-right-large:1.92%;--awb-margin-bottom-large:20px;--awb-spacing-left-large:1.92%;--awb-width-medium:100%;--awb-order-medium:0;--awb-spacing-right-medium:1.92%;--awb-spacing-left-medium:1.92%;--awb-width-small:100%;--awb-order-small:0;--awb-spacing-right-small:1.92%;--awb-spacing-left-small:1.92%;\"><div class=\"fusion-column-wrapper fusion-column-has-shadow fusion-flex-justify-content-flex-start fusion-content-layout-column\"><div class=\"fusion-title title fusion-title-2 fusion-title-text fusion-title-size-three\" style=\"--awb-text-color:var(--awb-custom_color_1);--awb-sep-color:var(--awb-custom_color_1);\"><div class=\"title-sep-container title-sep-container-left fusion-no-large-visibility fusion-no-medium-visibility fusion-no-small-visibility\"><div class=\"title-sep sep-single sep-solid\" style=\"border-color:var(--awb-custom_color_1);\"><\/div><\/div><span class=\"awb-title-spacer fusion-no-large-visibility fusion-no-medium-visibility fusion-no-small-visibility\"><\/span><h3 class=\"fusion-title-heading title-heading-left\" style=\"margin:0;\">UNSER TEAM<\/h3><span class=\"awb-title-spacer\"><\/span><div class=\"title-sep-container title-sep-container-right\"><div class=\"title-sep sep-single sep-solid\" style=\"border-color:var(--awb-custom_color_1);\"><\/div><\/div><\/div><div class=\"fusion-text fusion-text-2\" style=\"--awb-font-size:20px;--awb-line-height:24px;--awb-text-font-family:-apple-system, BlinkMacSystemFont, &#039;Segoe UI&#039;, Roboto, Oxygen-Sans, Ubuntu, Cantarell, &#039;Helvetica Neue&#039; ,sans-serif;--awb-text-font-style:normal;--awb-text-font-weight:400;\"><p>Sie sind immer unsere Nummer 1! \u00a0Aber gleich nach Ihnen und Iherer Zufriedenheit kommt unser Personal. Die lieben Menschen, die f\u00fcr The Best arbeiten, sind gut geschult und werden alles versuchen um Ihre Fragen zufriedenstellend beantworten zu k\u00f6nnen. Trotz harter Arbeit und vielen Stunden sind wir rund um die Uhr bem\u00fcht f\u00fcr Sie da zu sein! Wir arbeiten st\u00e4ndig an unserer Weiterbildung und versuchen immer am neuesten Stand der Dinge zu sein.<\/p>\n<p>Sollten Sie Fragen zu Orten haben, oder wie Sie am schnellsten und besten Weg Ihr Hotel finden k\u00f6nnen, dann sind die Mitarbeiter von The Best Cars gerne mit hilfreichen Tips und Tricks zur Stelle.<\/p>\n<p>Wir sprechen Ihre Sprache und wir werden unser Bestes f\u00fcr Sie geben!<\/p>\n<p>Drive, enjoy, remember&#8230;!<\/p>\n<p>&nbsp;<\/p>\n<p>Check our reviews in\u00a0<a href=\"https:\/\/www.facebook.com\/pg\/thebest.car.rentals\/reviews\/\" target=\"_blank\" rel=\"noopener noreferrer\"><strong>Facebook<\/strong>\u00a0<\/a>and\u00a0<a href=\"https:\/\/www.google.gr\/search?q=the+best+cars&amp;oq=the+bes&amp;aqs=chrome.0.69i59j69i60l3j69i57.2544j0j7&amp;sourceid=chrome&amp;ie=UTF-8#lrd=0x149a5bef0700001f:0xe912355258dc0166,1,\" target=\"_blank\" rel=\"noopener noreferrer\"><strong>Google+<\/strong><\/a>.<\/p>\n<\/div><\/div><\/div><\/div><\/div>\n","protected":false},"excerpt":{"rendered":"","protected":false},"author":1,"featured_media":0,"parent":0,"menu_order":0,"comment_status":"closed","ping_status":"closed","template":"100-width.php","meta":{"footnotes":""},"class_list":["post-220","page","type-page","status-publish","hentry"],"yoast_head":"<!-- This site is optimized with the Yoast SEO plugin v24.0 - https:\/\/yoast.com\/wordpress\/plugins\/seo\/ -->\n<title>\u00dcber uns - The Best Cars<\/title>\n<meta name=\"robots\" content=\"index, follow, max-snippet:-1, max-image-preview:large, max-video-preview:-1\" \/>\n<link rel=\"canonical\" href=\"https:\/\/thebestcars.gr\/de\/ueber-uns\/\" \/>\n<meta property=\"og:locale\" content=\"de_DE\" \/>\n<meta property=\"og:type\" content=\"article\" \/>\n<meta property=\"og:title\" content=\"\u00dcber uns - The Best Cars\" \/>\n<meta property=\"og:url\" content=\"https:\/\/thebestcars.gr\/de\/ueber-uns\/\" \/>\n<meta property=\"og:site_name\" content=\"The Best Cars\" \/>\n<meta property=\"article:publisher\" content=\"https:\/\/www.facebook.com\/thebestcarrentals.Crete\" \/>\n<meta property=\"article:modified_time\" content=\"2024-03-12T10:14:26+00:00\" \/>\n<meta name=\"twitter:card\" content=\"summary_large_image\" \/>\n<meta name=\"twitter:label1\" content=\"Gesch\u00e4tzte Lesezeit\" \/>\n\t<meta name=\"twitter:data1\" content=\"8\u00a0Minuten\" \/>\n<script type=\"application\/ld+json\" class=\"yoast-schema-graph\">{\"@context\":\"https:\/\/schema.org\",\"@graph\":[{\"@type\":\"WebPage\",\"@id\":\"https:\/\/thebestcars.gr\/de\/ueber-uns\/\",\"url\":\"https:\/\/thebestcars.gr\/de\/ueber-uns\/\",\"name\":\"\u00dcber uns - The Best Cars\",\"isPartOf\":{\"@id\":\"https:\/\/thebestcars.gr\/#website\"},\"datePublished\":\"2024-01-13T08:48:54+00:00\",\"dateModified\":\"2024-03-12T10:14:26+00:00\",\"breadcrumb\":{\"@id\":\"https:\/\/thebestcars.gr\/de\/ueber-uns\/#breadcrumb\"},\"inLanguage\":\"de\",\"potentialAction\":[{\"@type\":\"ReadAction\",\"target\":[\"https:\/\/thebestcars.gr\/de\/ueber-uns\/\"]}]},{\"@type\":\"BreadcrumbList\",\"@id\":\"https:\/\/thebestcars.gr\/de\/ueber-uns\/#breadcrumb\",\"itemListElement\":[{\"@type\":\"ListItem\",\"position\":1,\"name\":\"Home\",\"item\":\"https:\/\/thebestcars.gr\/de\/\"},{\"@type\":\"ListItem\",\"position\":2,\"name\":\"\u00dcber uns\"}]},{\"@type\":\"WebSite\",\"@id\":\"https:\/\/thebestcars.gr\/#website\",\"url\":\"https:\/\/thebestcars.gr\/\",\"name\":\"The Best Cars\",\"description\":\"\",\"publisher\":{\"@id\":\"https:\/\/thebestcars.gr\/#organization\"},\"potentialAction\":[{\"@type\":\"SearchAction\",\"target\":{\"@type\":\"EntryPoint\",\"urlTemplate\":\"https:\/\/thebestcars.gr\/?s={search_term_string}\"},\"query-input\":{\"@type\":\"PropertyValueSpecification\",\"valueRequired\":true,\"valueName\":\"search_term_string\"}}],\"inLanguage\":\"de\"},{\"@type\":\"Organization\",\"@id\":\"https:\/\/thebestcars.gr\/#organization\",\"name\":\"The Best Cars\",\"url\":\"https:\/\/thebestcars.gr\/\",\"logo\":{\"@type\":\"ImageObject\",\"inLanguage\":\"de\",\"@id\":\"https:\/\/thebestcars.gr\/#\/schema\/logo\/image\/\",\"url\":\"https:\/\/thebestcars.gr\/wp-content\/uploads\/2024\/01\/thebest_logo.png\",\"contentUrl\":\"https:\/\/thebestcars.gr\/wp-content\/uploads\/2024\/01\/thebest_logo.png\",\"width\":184,\"height\":61,\"caption\":\"The Best Cars\"},\"image\":{\"@id\":\"https:\/\/thebestcars.gr\/#\/schema\/logo\/image\/\"},\"sameAs\":[\"https:\/\/www.facebook.com\/thebestcarrentals.Crete\"]}]}<\/script>\n<!-- \/ Yoast SEO plugin. -->","yoast_head_json":{"title":"\u00dcber uns - The Best Cars","robots":{"index":"index","follow":"follow","max-snippet":"max-snippet:-1","max-image-preview":"max-image-preview:large","max-video-preview":"max-video-preview:-1"},"canonical":"https:\/\/thebestcars.gr\/de\/ueber-uns\/","og_locale":"de_DE","og_type":"article","og_title":"\u00dcber uns - The Best Cars","og_url":"https:\/\/thebestcars.gr\/de\/ueber-uns\/","og_site_name":"The Best Cars","article_publisher":"https:\/\/www.facebook.com\/thebestcarrentals.Crete","article_modified_time":"2024-03-12T10:14:26+00:00","twitter_card":"summary_large_image","twitter_misc":{"Gesch\u00e4tzte Lesezeit":"8\u00a0Minuten"},"schema":{"@context":"https:\/\/schema.org","@graph":[{"@type":"WebPage","@id":"https:\/\/thebestcars.gr\/de\/ueber-uns\/","url":"https:\/\/thebestcars.gr\/de\/ueber-uns\/","name":"\u00dcber uns - The Best Cars","isPartOf":{"@id":"https:\/\/thebestcars.gr\/#website"},"datePublished":"2024-01-13T08:48:54+00:00","dateModified":"2024-03-12T10:14:26+00:00","breadcrumb":{"@id":"https:\/\/thebestcars.gr\/de\/ueber-uns\/#breadcrumb"},"inLanguage":"de","potentialAction":[{"@type":"ReadAction","target":["https:\/\/thebestcars.gr\/de\/ueber-uns\/"]}]},{"@type":"BreadcrumbList","@id":"https:\/\/thebestcars.gr\/de\/ueber-uns\/#breadcrumb","itemListElement":[{"@type":"ListItem","position":1,"name":"Home","item":"https:\/\/thebestcars.gr\/de\/"},{"@type":"ListItem","position":2,"name":"\u00dcber uns"}]},{"@type":"WebSite","@id":"https:\/\/thebestcars.gr\/#website","url":"https:\/\/thebestcars.gr\/","name":"The Best Cars","description":"","publisher":{"@id":"https:\/\/thebestcars.gr\/#organization"},"potentialAction":[{"@type":"SearchAction","target":{"@type":"EntryPoint","urlTemplate":"https:\/\/thebestcars.gr\/?s={search_term_string}"},"query-input":{"@type":"PropertyValueSpecification","valueRequired":true,"valueName":"search_term_string"}}],"inLanguage":"de"},{"@type":"Organization","@id":"https:\/\/thebestcars.gr\/#organization","name":"The Best Cars","url":"https:\/\/thebestcars.gr\/","logo":{"@type":"ImageObject","inLanguage":"de","@id":"https:\/\/thebestcars.gr\/#\/schema\/logo\/image\/","url":"https:\/\/thebestcars.gr\/wp-content\/uploads\/2024\/01\/thebest_logo.png","contentUrl":"https:\/\/thebestcars.gr\/wp-content\/uploads\/2024\/01\/thebest_logo.png","width":184,"height":61,"caption":"The Best Cars"},"image":{"@id":"https:\/\/thebestcars.gr\/#\/schema\/logo\/image\/"},"sameAs":["https:\/\/www.facebook.com\/thebestcarrentals.Crete"]}]}},"_links":{"self":[{"href":"https:\/\/thebestcars.gr\/de\/wp-json\/wp\/v2\/pages\/220","targetHints":{"allow":["GET"]}}],"collection":[{"href":"https:\/\/thebestcars.gr\/de\/wp-json\/wp\/v2\/pages"}],"about":[{"href":"https:\/\/thebestcars.gr\/de\/wp-json\/wp\/v2\/types\/page"}],"author":[{"embeddable":true,"href":"https:\/\/thebestcars.gr\/de\/wp-json\/wp\/v2\/users\/1"}],"replies":[{"embeddable":true,"href":"https:\/\/thebestcars.gr\/de\/wp-json\/wp\/v2\/comments?post=220"}],"version-history":[{"count":10,"href":"https:\/\/thebestcars.gr\/de\/wp-json\/wp\/v2\/pages\/220\/revisions"}],"predecessor-version":[{"id":449,"href":"https:\/\/thebestcars.gr\/de\/wp-json\/wp\/v2\/pages\/220\/revisions\/449"}],"wp:attachment":[{"href":"https:\/\/thebestcars.gr\/de\/wp-json\/wp\/v2\/media?parent=220"}],"curies":[{"name":"wp","href":"https:\/\/api.w.org\/{rel}","templated":true}]}}